{"id":105617,"date":"2025-08-25T16:20:30","date_gmt":"2025-08-25T16:20:30","guid":{"rendered":"https:\/\/condiprestige.com\/?post_type=product&#038;p=105617"},"modified":"2026-03-23T13:17:17","modified_gmt":"2026-03-23T13:17:17","slug":"raynfall","status":"publish","type":"product","link":"https:\/\/condiprestige.com\/en\/produto\/raynfall\/","title":{"rendered":"Raynfall"},"content":{"rendered":"<p>Guarda-Chuva Autom\u00e1tico em Poli\u00e9ster 190T com Cabo em Madeira. Feito com tecido em Poli\u00e9ster 190T de alta qualidade, este guarda-chuva \u00e9 imperme\u00e1vel e duradouro, mantendo-o protegido em todas as condi\u00e7\u00f5es clim\u00e1ticas. Al\u00e9m disso, os seus 16 pain\u00e9is oferecem uma resist\u00eancia extra ao vento, evitando que o guarda-chuva se vire nos dias mais tempestuosos. Este guarda-chuva n\u00e3o \u00e9 apenas um escudo contra a chuva, mas uma afirma\u00e7\u00e3o de estilo. Enfrente a chuva com confian\u00e7a e eleg\u00e2ncia, sabendo que est\u00e1 equipado com um guarda-chuva que combina forma e fun\u00e7\u00e3o na perfei\u00e7\u00e3o.<\/p>\n","protected":false},"excerpt":{"rendered":"<p>Guarda-chuva autom\u00e1tico em poli\u00e9ster 190T com cabo em madeira.<\/p>\n","protected":false},"featured_media":105206,"template":"","meta":{"_acf_changed":false,"_et_pb_use_builder":"","_et_pb_old_content":"","_et_gb_content_width":""},"product_brand":[],"product_cat":[376,5636,5620],"product_tag":[],"class_list":{"0":"post-105617","1":"product","2":"type-product","3":"status-publish","4":"has-post-thumbnail","6":"product_cat-brindes","7":"product_cat-chapeus-de-chuva","8":"product_cat-inverno","10":"first","11":"instock","12":"shipping-taxable","13":"purchasable","14":"product-type-variable","15":"has-default-attributes"},"acf":[],"_links":{"self":[{"href":"https:\/\/condiprestige.com\/en\/wp-json\/wp\/v2\/product\/105617","targetHints":{"allow":["GET"]}}],"collection":[{"href":"https:\/\/condiprestige.com\/en\/wp-json\/wp\/v2\/product"}],"about":[{"href":"https:\/\/condiprestige.com\/en\/wp-json\/wp\/v2\/types\/product"}],"wp:featuredmedia":[{"embeddable":true,"href":"https:\/\/condiprestige.com\/en\/wp-json\/wp\/v2\/media\/105206"}],"wp:attachment":[{"href":"https:\/\/condiprestige.com\/en\/wp-json\/wp\/v2\/media?parent=105617"}],"wp:term":[{"taxonomy":"product_brand","embeddable":true,"href":"https:\/\/condiprestige.com\/en\/wp-json\/wp\/v2\/product_brand?post=105617"},{"taxonomy":"product_cat","embeddable":true,"href":"https:\/\/condiprestige.com\/en\/wp-json\/wp\/v2\/product_cat?post=105617"},{"taxonomy":"product_tag","embeddable":true,"href":"https:\/\/condiprestige.com\/en\/wp-json\/wp\/v2\/product_tag?post=105617"}],"curies":[{"name":"wp","href":"https:\/\/api.w.org\/{rel}","templated":true}]}}