{"id":107755,"date":"2025-09-29T17:40:30","date_gmt":"2025-09-29T17:40:30","guid":{"rendered":"https:\/\/condiprestige.com\/?post_type=product&#038;p=107755"},"modified":"2025-09-29T17:57:25","modified_gmt":"2025-09-29T17:57:25","slug":"calca-microfibra","status":"publish","type":"product","link":"https:\/\/condiprestige.com\/en\/produto\/calca-microfibra\/","title":{"rendered":"Cal\u00e7a Microfibra"},"content":{"rendered":"<p><strong>Cal\u00e7a Microfibra<\/strong><\/p>\n<p>Estas cal\u00e7as unissexo Rubber+Cord Outer Microfibre Trousers s\u00e3o concebidas para profissionais dos sectores da sa\u00fade e afins que procuram conforto e funcionalidade. Cal\u00e7as de corte regular apresentam uma cintura el\u00e1stica com c\u00f3s el\u00e1stico e cord\u00e3o ajust\u00e1vel para um ajuste personalizado. Equipadas com dois bolsos interiores na anca e um bolso de remendo atr\u00e1s, oferecem praticidade no dia a dia.<\/p>\n<p>Fabricado em 100% poli\u00e9ster MICROFIBRE, este tecido inovador garante propriedades antibacterianas, elevada respirabilidade e resist\u00eancia aos salpicos de lix\u00edvia. Al\u00e9m disso, \u00e9 lav\u00e1vel a 90\u00ba, seca rapidamente e repele os cabelos e os p\u00ealos dos animais. Ideal para uniformes em ambientes de sa\u00fade, hotelaria, cozinha, limpeza, cabeleireiro, beleza, spa ou retalho.<\/p>\n<p>Experimente o conforto e a qualidade com as cal\u00e7as de borracha exterior em microfibra + renda.<\/p>\n<p>Marca: Gary&#8217;s<\/p>\n","protected":false},"excerpt":{"rendered":"<p><strong>Cal\u00e7a Microfibra<\/strong><\/p>\n<p>Caracter\u00edsticas:<br \/>\n\u2713 Cord\u00f5es e termina\u00e7\u00f5es el\u00e1sticas.<br \/>\n\u2713 C\u00f3s el\u00e1stico de 4 cm.<br \/>\n\u2713 2 dentro dos bolsos da anca.<br \/>\n\u2713 1 bolso de remendo traseiro.<br \/>\n\u2713 Comprimento do aplix.: 112 cm<\/p>\n<p>Composi\u00e7\u00e3o:<br \/>\n\u2713 Fabricado em 100% poli\u00e9ster MICROFIBRE<\/p>\n","protected":false},"featured_media":107794,"template":"","meta":{"_acf_changed":false,"_et_pb_use_builder":"","_et_pb_old_content":"","_et_gb_content_width":""},"product_brand":[],"product_cat":[968,952,969,970,149,322],"product_tag":[345,965,5485,77,78],"class_list":{"0":"post-107755","1":"product","2":"type-product","3":"status-publish","4":"has-post-thumbnail","6":"product_cat-calcas-saude-e-estetica","7":"product_cat-calcas-vestidos-saias","8":"product_cat-calcas-elastico-e-cordao","9":"product_cat-calcas-elastico-e-cordao-calcas-vestidos-saias","10":"product_cat-restauracao","11":"product_cat-saude-e-estetica","12":"product_tag-calca","13":"product_tag-calcas-cos-elastico","14":"product_tag-garys","15":"product_tag-restauracao","16":"product_tag-saude-e-estetica","18":"first","19":"instock","20":"shipping-taxable","21":"purchasable","22":"product-type-variable","23":"has-default-attributes"},"acf":[],"_links":{"self":[{"href":"https:\/\/condiprestige.com\/en\/wp-json\/wp\/v2\/product\/107755","targetHints":{"allow":["GET"]}}],"collection":[{"href":"https:\/\/condiprestige.com\/en\/wp-json\/wp\/v2\/product"}],"about":[{"href":"https:\/\/condiprestige.com\/en\/wp-json\/wp\/v2\/types\/product"}],"wp:featuredmedia":[{"embeddable":true,"href":"https:\/\/condiprestige.com\/en\/wp-json\/wp\/v2\/media\/107794"}],"wp:attachment":[{"href":"https:\/\/condiprestige.com\/en\/wp-json\/wp\/v2\/media?parent=107755"}],"wp:term":[{"taxonomy":"product_brand","embeddable":true,"href":"https:\/\/condiprestige.com\/en\/wp-json\/wp\/v2\/product_brand?post=107755"},{"taxonomy":"product_cat","embeddable":true,"href":"https:\/\/condiprestige.com\/en\/wp-json\/wp\/v2\/product_cat?post=107755"},{"taxonomy":"product_tag","embeddable":true,"href":"https:\/\/condiprestige.com\/en\/wp-json\/wp\/v2\/product_tag?post=107755"}],"curies":[{"name":"wp","href":"https:\/\/api.w.org\/{rel}","templated":true}]}}