{"id":107836,"date":"2025-10-02T17:15:13","date_gmt":"2025-10-02T17:15:13","guid":{"rendered":"https:\/\/condiprestige.com\/?post_type=product&#038;p=107836"},"modified":"2025-10-02T17:15:13","modified_gmt":"2025-10-02T17:15:13","slug":"avental-educadora-zoo","status":"publish","type":"product","link":"https:\/\/condiprestige.com\/en\/produto\/avental-educadora-zoo\/","title":{"rendered":"Avental Educadora ZOO"},"content":{"rendered":"<p><strong>Avental Educadora ZOO<\/strong><br \/>\nO Bibe ZOO \u00e9 uma pe\u00e7a de vestu\u00e1rio estilo jardineira concebida para profissionais que procuram destacar-se com um visual din\u00e2mico, confort\u00e1vel e com personalidade. Ideal para sectores como a educa\u00e7\u00e3o infantil, as ludotecas, o com\u00e9rcio, as cl\u00ednicas pedi\u00e1tricas ou a est\u00e9tica criativa, esta casula combina um design divertido com funcionalidade.<strong><br \/>\n<\/strong><\/p>\n<p>&nbsp;<\/p>\n","protected":false},"excerpt":{"rendered":"<p><strong>Avental Educadora ZOO<br \/>\n<\/strong>\u2713 2 bolsos frontais<br \/>\n\u2713 Al\u00e7as com rebites<br \/>\n\u2713 Leve, resistente e f\u00e1cil de cuidar.<br \/>\n\u2713 Macac\u00e3o com design ergon\u00f3mico e alegre<br \/>\n\u2713 2 bolsos frontais sublimados, funcionais e decorativos<br \/>\n\u2713 Cintas met\u00e1licas rebitadas nos ombros e cavas com acabamento em cor albero<br \/>\n\u2713 67x71cm | SEMI JUSTA<\/p>\n<p><strong>Composi\u00e7\u00e3o:<\/strong><br \/>\n\u2022 65% poli\u00e9ster<br \/>\n\u2022 35% algod\u00e3o<br \/>\n\u2022 145 g\/m\u00b2<\/p>\n<p>Marca: <strong>Gary&#8217;s<\/strong><\/p>\n","protected":false},"featured_media":107837,"template":"","meta":{"_acf_changed":false,"_et_pb_use_builder":"","_et_pb_old_content":"","_et_gb_content_width":""},"product_brand":[],"product_cat":[649,18],"product_tag":[5711,88,650,5485,5713],"class_list":{"0":"post-107836","1":"product","2":"type-product","3":"status-publish","4":"has-post-thumbnail","6":"product_cat-batas-educadora","7":"product_cat-kids-e-educacao","8":"product_tag-avental-de-educadora","9":"product_tag-bata","10":"product_tag-bata-de-educadora","11":"product_tag-garys","12":"product_tag-kids-e-educacao","14":"first","15":"instock","16":"shipping-taxable","17":"purchasable","18":"product-type-simple"},"acf":[],"_links":{"self":[{"href":"https:\/\/condiprestige.com\/en\/wp-json\/wp\/v2\/product\/107836","targetHints":{"allow":["GET"]}}],"collection":[{"href":"https:\/\/condiprestige.com\/en\/wp-json\/wp\/v2\/product"}],"about":[{"href":"https:\/\/condiprestige.com\/en\/wp-json\/wp\/v2\/types\/product"}],"wp:featuredmedia":[{"embeddable":true,"href":"https:\/\/condiprestige.com\/en\/wp-json\/wp\/v2\/media\/107837"}],"wp:attachment":[{"href":"https:\/\/condiprestige.com\/en\/wp-json\/wp\/v2\/media?parent=107836"}],"wp:term":[{"taxonomy":"product_brand","embeddable":true,"href":"https:\/\/condiprestige.com\/en\/wp-json\/wp\/v2\/product_brand?post=107836"},{"taxonomy":"product_cat","embeddable":true,"href":"https:\/\/condiprestige.com\/en\/wp-json\/wp\/v2\/product_cat?post=107836"},{"taxonomy":"product_tag","embeddable":true,"href":"https:\/\/condiprestige.com\/en\/wp-json\/wp\/v2\/product_tag?post=107836"}],"curies":[{"name":"wp","href":"https:\/\/api.w.org\/{rel}","templated":true}]}}