{"id":107852,"date":"2025-10-02T17:17:12","date_gmt":"2025-10-02T17:17:12","guid":{"rendered":"https:\/\/condiprestige.com\/?post_type=product&#038;p=107852"},"modified":"2025-10-02T17:17:12","modified_gmt":"2025-10-02T17:17:12","slug":"avental-educadora-recreo","status":"publish","type":"product","link":"https:\/\/condiprestige.com\/en\/produto\/avental-educadora-recreo\/","title":{"rendered":"Avental Educadora RECREO"},"content":{"rendered":"<p><strong>Avental Educadora RECREO<\/strong><br \/>\nO roup\u00e3o apresenta um estilo cl\u00e1ssico e vers\u00e1til que se adapta a v\u00e1rias situa\u00e7\u00f5es, tornando-o uma pe\u00e7a pr\u00e1tica para diversas atividades.Os el\u00e1sticos nos punhos garantem um ajuste confort\u00e1vel e evitam que as mangas se sujem durante as atividades. Com dois bolsos laterais e um bolso no peito, o casaco oferece um amplo espa\u00e7o de armazenamento para que as crian\u00e7as possam levar consigo pequenos objetos, utens\u00edlios ou ferramentas de que necessitem nas suas atividades.<strong><\/p>\n<p><\/strong><\/p>\n","protected":false},"excerpt":{"rendered":"<p><strong>Avental Educadora RECREO<br \/>\n<\/strong>\u2713 Bolso o peito esquerdo<br \/>\n\u2713 2 bolsos com aplica\u00e7\u00e3o<br \/>\n\u2713 tecido resistente<br \/>\n\u2713 70 cm | M2 SEMI JUSTA<\/p>\n<p><strong>Composi\u00e7\u00e3o:<\/strong><br \/>\n\u2022 100% poli\u00e9ster<br \/>\n\u2022 165 g\/m\u00b2<strong><br \/>\n<\/strong><\/p>\n","protected":false},"featured_media":107853,"template":"","meta":{"_acf_changed":false,"_et_pb_use_builder":"","_et_pb_old_content":"","_et_gb_content_width":""},"product_brand":[],"product_cat":[649,18],"product_tag":[87,5712,5485,5713],"class_list":{"0":"post-107852","1":"product","2":"type-product","3":"status-publish","4":"has-post-thumbnail","6":"product_cat-batas-educadora","7":"product_cat-kids-e-educacao","8":"product_tag-avental","9":"product_tag-batas-educadora","10":"product_tag-garys","11":"product_tag-kids-e-educacao","13":"first","14":"instock","15":"shipping-taxable","16":"purchasable","17":"product-type-simple"},"acf":[],"_links":{"self":[{"href":"https:\/\/condiprestige.com\/en\/wp-json\/wp\/v2\/product\/107852","targetHints":{"allow":["GET"]}}],"collection":[{"href":"https:\/\/condiprestige.com\/en\/wp-json\/wp\/v2\/product"}],"about":[{"href":"https:\/\/condiprestige.com\/en\/wp-json\/wp\/v2\/types\/product"}],"wp:featuredmedia":[{"embeddable":true,"href":"https:\/\/condiprestige.com\/en\/wp-json\/wp\/v2\/media\/107853"}],"wp:attachment":[{"href":"https:\/\/condiprestige.com\/en\/wp-json\/wp\/v2\/media?parent=107852"}],"wp:term":[{"taxonomy":"product_brand","embeddable":true,"href":"https:\/\/condiprestige.com\/en\/wp-json\/wp\/v2\/product_brand?post=107852"},{"taxonomy":"product_cat","embeddable":true,"href":"https:\/\/condiprestige.com\/en\/wp-json\/wp\/v2\/product_cat?post=107852"},{"taxonomy":"product_tag","embeddable":true,"href":"https:\/\/condiprestige.com\/en\/wp-json\/wp\/v2\/product_tag?post=107852"}],"curies":[{"name":"wp","href":"https:\/\/api.w.org\/{rel}","templated":true}]}}