{"id":107887,"date":"2025-10-03T16:55:51","date_gmt":"2025-10-03T16:55:51","guid":{"rendered":"https:\/\/condiprestige.com\/?post_type=product&#038;p=107887"},"modified":"2025-10-03T17:13:07","modified_gmt":"2025-10-03T17:13:07","slug":"bibe-de-crianca-lucero","status":"publish","type":"product","link":"https:\/\/condiprestige.com\/en\/produto\/bibe-de-crianca-lucero\/","title":{"rendered":"Bibe de Crian\u00e7a LUCERO"},"content":{"rendered":"<p><strong>Bibe de Crian\u00e7a LUCERO<\/strong><br \/>\nO Bibe LUCERO \u00e9 uma escolha vibrante e confort\u00e1vel para os mais pequenos no seu dia de escola. Desenhado com o inconfund\u00edvel cunho de Agatha Ruiz de la Prada, este babi funde a eleg\u00e2ncia do uniforme escolar com um toque de divers\u00e3o. Apresenta um estampado encantador de estrelas amarelas num fundo azul na parte superior, nas mangas e no bolso da frente, contrastando com o tecido amarelo liso do resto do babi.<\/p>\n<p>&nbsp;<\/p>\n","protected":false},"excerpt":{"rendered":"<p><strong>Bibe de Crian\u00e7a LUCERO<br \/>\n<\/strong>\u2713 1 bolso lateral<br \/>\n\u2713 El\u00e1stico nos punhos<br \/>\n\u2713 Estampado na frente e costas<br \/>\n\u2713 54 cm<\/p>\n<p><strong>Composi\u00e7\u00e3o:<\/strong><br \/>\n\u2022 100% Poli\u00e9ster BARI<\/p>\n<p>Marca: <strong>Gary&#8217;s<\/strong><\/p>\n","protected":false},"featured_media":107888,"template":"","meta":{"_acf_changed":false,"_et_pb_use_builder":"","_et_pb_old_content":"","_et_gb_content_width":""},"product_brand":[],"product_cat":[641,18,15],"product_tag":[1107,1109,5713],"class_list":{"0":"post-107887","1":"product","2":"type-product","3":"status-publish","4":"has-post-thumbnail","6":"product_cat-bibes","7":"product_cat-kids-e-educacao","8":"product_cat-sem-categoria","9":"product_tag-bibe","10":"product_tag-bibe-crianca","11":"product_tag-kids-e-educacao","13":"first","14":"instock","15":"shipping-taxable","16":"purchasable","17":"product-type-variable"},"acf":[],"_links":{"self":[{"href":"https:\/\/condiprestige.com\/en\/wp-json\/wp\/v2\/product\/107887","targetHints":{"allow":["GET"]}}],"collection":[{"href":"https:\/\/condiprestige.com\/en\/wp-json\/wp\/v2\/product"}],"about":[{"href":"https:\/\/condiprestige.com\/en\/wp-json\/wp\/v2\/types\/product"}],"wp:featuredmedia":[{"embeddable":true,"href":"https:\/\/condiprestige.com\/en\/wp-json\/wp\/v2\/media\/107888"}],"wp:attachment":[{"href":"https:\/\/condiprestige.com\/en\/wp-json\/wp\/v2\/media?parent=107887"}],"wp:term":[{"taxonomy":"product_brand","embeddable":true,"href":"https:\/\/condiprestige.com\/en\/wp-json\/wp\/v2\/product_brand?post=107887"},{"taxonomy":"product_cat","embeddable":true,"href":"https:\/\/condiprestige.com\/en\/wp-json\/wp\/v2\/product_cat?post=107887"},{"taxonomy":"product_tag","embeddable":true,"href":"https:\/\/condiprestige.com\/en\/wp-json\/wp\/v2\/product_tag?post=107887"}],"curies":[{"name":"wp","href":"https:\/\/api.w.org\/{rel}","templated":true}]}}