{"id":107897,"date":"2025-10-03T16:57:29","date_gmt":"2025-10-03T16:57:29","guid":{"rendered":"https:\/\/condiprestige.com\/?post_type=product&#038;p=107897"},"modified":"2025-10-03T16:57:29","modified_gmt":"2025-10-03T16:57:29","slug":"bibe-de-crianca-juego","status":"publish","type":"product","link":"https:\/\/condiprestige.com\/en\/produto\/bibe-de-crianca-juego\/","title":{"rendered":"Bibe de Crian\u00e7a JUEGO"},"content":{"rendered":"<p><strong>Bibe de Crian\u00e7a JUEGO<\/strong><br \/>\nO Bibe JUEGO concebido para as alunas da creche e do jardim de inf\u00e2ncia que querem destacar-se com estilo no seu dia a dia escolar. Este bibe exclusivo combina a eleg\u00e2ncia do uniforme escolar com o toque l\u00fadico de Agatha Ruiz de la Prada. Com um estampado de dados multicoloridos no centro e nas costas, em contraste com o tecido f\u00facsia liso das mangas e do bolso central, este bibe n\u00e3o \u00e9 apenas funcional, mas tamb\u00e9m vibrante e \u00fanico.<\/p>\n","protected":false},"excerpt":{"rendered":"<p><strong>Bibe de Crian\u00e7a JUEGO<\/strong><br \/>\n\u2713 1 bolso en lateral direito<br \/>\n\u2713 El\u00e1stico en punhos e colarinho<br \/>\n\u2713 Estampado na frente e costas<br \/>\n\u2713 54 cm<\/p>\n<p><strong>Composi\u00e7\u00e3o:<\/strong><br \/>\n\u2022 100% PES BARI<\/p>\n<p>Marca: <strong>Gary&#8217;s<\/strong><\/p>\n","protected":false},"featured_media":107898,"template":"","meta":{"_acf_changed":false,"_et_pb_use_builder":"","_et_pb_old_content":"","_et_gb_content_width":""},"product_brand":[],"product_cat":[641,18],"product_tag":[1107,1109,5713],"class_list":{"0":"post-107897","1":"product","2":"type-product","3":"status-publish","4":"has-post-thumbnail","6":"product_cat-bibes","7":"product_cat-kids-e-educacao","8":"product_tag-bibe","9":"product_tag-bibe-crianca","10":"product_tag-kids-e-educacao","12":"first","13":"instock","14":"shipping-taxable","15":"purchasable","16":"product-type-variable"},"acf":[],"_links":{"self":[{"href":"https:\/\/condiprestige.com\/en\/wp-json\/wp\/v2\/product\/107897","targetHints":{"allow":["GET"]}}],"collection":[{"href":"https:\/\/condiprestige.com\/en\/wp-json\/wp\/v2\/product"}],"about":[{"href":"https:\/\/condiprestige.com\/en\/wp-json\/wp\/v2\/types\/product"}],"wp:featuredmedia":[{"embeddable":true,"href":"https:\/\/condiprestige.com\/en\/wp-json\/wp\/v2\/media\/107898"}],"wp:attachment":[{"href":"https:\/\/condiprestige.com\/en\/wp-json\/wp\/v2\/media?parent=107897"}],"wp:term":[{"taxonomy":"product_brand","embeddable":true,"href":"https:\/\/condiprestige.com\/en\/wp-json\/wp\/v2\/product_brand?post=107897"},{"taxonomy":"product_cat","embeddable":true,"href":"https:\/\/condiprestige.com\/en\/wp-json\/wp\/v2\/product_cat?post=107897"},{"taxonomy":"product_tag","embeddable":true,"href":"https:\/\/condiprestige.com\/en\/wp-json\/wp\/v2\/product_tag?post=107897"}],"curies":[{"name":"wp","href":"https:\/\/api.w.org\/{rel}","templated":true}]}}