{"id":107993,"date":"2025-10-08T15:50:34","date_gmt":"2025-10-08T15:50:34","guid":{"rendered":"https:\/\/condiprestige.com\/?post_type=product&#038;p=107993"},"modified":"2025-10-13T14:26:41","modified_gmt":"2025-10-13T14:26:41","slug":"bata-de-mulher-de-abotoar-a-frente-de-manga-comprida","status":"publish","type":"product","link":"https:\/\/condiprestige.com\/en\/produto\/bata-de-mulher-de-abotoar-a-frente-de-manga-comprida\/","title":{"rendered":"Bata de Mulher de Abotoar \u00e0 Frente de Manga Comprida"},"content":{"rendered":"<p><strong>Bata de Mulher de Abotoar \u00e0 Frente de Manga Comprida<\/strong><\/p>\n<p>A Bata de Mulher de Abotoar \u00e0 Frente de Manga Comprida oferece um design pr\u00e1tico com punhos ajust\u00e1veis por bot\u00e3o e fecho frontal com bot\u00f5es. Com tr\u00eas bolsos, \u00e9 ideal para o uso di\u00e1rio. Feita em tecido de sarja com 65% poli\u00e9ster e 35% algod\u00e3o, garante conforto e resist\u00eancia, com uma gramagem de 200 gramas.<\/p>\n","protected":false},"excerpt":{"rendered":"<p><strong>Bata de Mulher de Abotoar \u00e0 Frente de Manga Comprida<\/strong><\/p>\n<p>\u2713\u00a0Punho com bot\u00e3o;<br \/>\n\u2713\u00a0Com 3 bolsos;<br \/>\n\u2713\u00a0Com bot\u00f5es;<br \/>\n\u2713 Altura: 90cm;<\/p>\n<p>Composi\u00e7\u00e3o:<\/p>\n<ul>\n<li>Sarja &#8211; 200 gr<\/li>\n<li>65% Poli\u00e9ster<\/li>\n<li>35% Algod\u00e3o<\/li>\n<\/ul>\n<p>Marca: Condiprestige<\/p>\n","protected":false},"featured_media":16419,"template":"","meta":{"_acf_changed":false,"_et_pb_use_builder":"","_et_pb_old_content":"","_et_gb_content_width":""},"product_brand":[],"product_cat":[1100,1103,98],"product_tag":[88,1043,651,5488],"class_list":{"0":"post-107993","1":"product","2":"type-product","3":"status-publish","4":"has-post-thumbnail","6":"product_cat-batas-confecao","7":"product_cat-batas-de-senhora-batas-confecao","8":"product_cat-confecao","9":"product_tag-bata","10":"product_tag-bata-branca","11":"product_tag-bata-de-mulher","12":"product_tag-condiprestige","14":"first","15":"instock","16":"shipping-taxable","17":"purchasable","18":"product-type-variable","19":"has-default-attributes"},"acf":[],"_links":{"self":[{"href":"https:\/\/condiprestige.com\/en\/wp-json\/wp\/v2\/product\/107993","targetHints":{"allow":["GET"]}}],"collection":[{"href":"https:\/\/condiprestige.com\/en\/wp-json\/wp\/v2\/product"}],"about":[{"href":"https:\/\/condiprestige.com\/en\/wp-json\/wp\/v2\/types\/product"}],"wp:featuredmedia":[{"embeddable":true,"href":"https:\/\/condiprestige.com\/en\/wp-json\/wp\/v2\/media\/16419"}],"wp:attachment":[{"href":"https:\/\/condiprestige.com\/en\/wp-json\/wp\/v2\/media?parent=107993"}],"wp:term":[{"taxonomy":"product_brand","embeddable":true,"href":"https:\/\/condiprestige.com\/en\/wp-json\/wp\/v2\/product_brand?post=107993"},{"taxonomy":"product_cat","embeddable":true,"href":"https:\/\/condiprestige.com\/en\/wp-json\/wp\/v2\/product_cat?post=107993"},{"taxonomy":"product_tag","embeddable":true,"href":"https:\/\/condiprestige.com\/en\/wp-json\/wp\/v2\/product_tag?post=107993"}],"curies":[{"name":"wp","href":"https:\/\/api.w.org\/{rel}","templated":true}]}}