{"id":110099,"date":"2026-04-08T14:27:58","date_gmt":"2026-04-08T14:27:58","guid":{"rendered":"https:\/\/condiprestige.com\/?post_type=product&#038;p=110099"},"modified":"2026-04-08T15:34:04","modified_gmt":"2026-04-08T15:34:04","slug":"kit-primeiros-socorros-25-para-local-de-trabalho","status":"publish","type":"product","link":"https:\/\/condiprestige.com\/en\/produto\/kit-primeiros-socorros-25-para-local-de-trabalho\/","title":{"rendered":"Kit Primeiros Socorros 25 para Local de Trabalho"},"content":{"rendered":"<p><strong>Kit de Primeiro Socorros 25 para local de trabalho<\/strong><br \/>\nEste kit de primeiros socorros foi elaborado para os locais de trabalho de risco m\u00e9dio, tais como escrit\u00f3rios, armaz\u00e9ns ou f\u00e1bricas. Disponibilizado numa caixa verde robusta e acess\u00edvel com al\u00e7a de transporte e suporte de parede, os curativos est\u00e3o todos envolvidos individualmente e esterilizados.<\/p>\n","protected":false},"excerpt":{"rendered":"<p>\u2713 Certificado Norma BS (British Standard)<br \/>\n\u2713 Locais de baixo risco ou pequenos (escrit\u00f3rios ou lojas)<br \/>\n\u2713 Curativos esterilizados e embalados individualmente<br \/>\n\u2713 Suporte de parede<\/p>\n<p>Marca:<br \/>\n<strong>Portwest<\/strong><\/p>\n","protected":false},"featured_media":110100,"template":"","meta":{"_acf_changed":false,"_et_pb_use_builder":"","_et_pb_old_content":"","_et_gb_content_width":""},"product_brand":[],"product_cat":[37],"product_tag":[44,5872],"class_list":{"0":"post-110099","1":"product","2":"type-product","3":"status-publish","4":"has-post-thumbnail","6":"product_cat-equipamento-de-protecao-individual","7":"product_tag-epis","8":"product_tag-kit-de-socorros","10":"first","11":"instock","12":"shipping-taxable","13":"purchasable","14":"product-type-simple"},"acf":[],"_links":{"self":[{"href":"https:\/\/condiprestige.com\/en\/wp-json\/wp\/v2\/product\/110099","targetHints":{"allow":["GET"]}}],"collection":[{"href":"https:\/\/condiprestige.com\/en\/wp-json\/wp\/v2\/product"}],"about":[{"href":"https:\/\/condiprestige.com\/en\/wp-json\/wp\/v2\/types\/product"}],"wp:featuredmedia":[{"embeddable":true,"href":"https:\/\/condiprestige.com\/en\/wp-json\/wp\/v2\/media\/110100"}],"wp:attachment":[{"href":"https:\/\/condiprestige.com\/en\/wp-json\/wp\/v2\/media?parent=110099"}],"wp:term":[{"taxonomy":"product_brand","embeddable":true,"href":"https:\/\/condiprestige.com\/en\/wp-json\/wp\/v2\/product_brand?post=110099"},{"taxonomy":"product_cat","embeddable":true,"href":"https:\/\/condiprestige.com\/en\/wp-json\/wp\/v2\/product_cat?post=110099"},{"taxonomy":"product_tag","embeddable":true,"href":"https:\/\/condiprestige.com\/en\/wp-json\/wp\/v2\/product_tag?post=110099"}],"curies":[{"name":"wp","href":"https:\/\/api.w.org\/{rel}","templated":true}]}}