{"id":110107,"date":"2026-04-08T14:38:49","date_gmt":"2026-04-08T14:38:49","guid":{"rendered":"https:\/\/condiprestige.com\/?post_type=product&#038;p=110107"},"modified":"2026-04-08T15:33:46","modified_gmt":"2026-04-08T15:33:46","slug":"kit-primeiros-socorros-100","status":"publish","type":"product","link":"https:\/\/condiprestige.com\/en\/produto\/kit-primeiros-socorros-100\/","title":{"rendered":"Kit Primeiros Socorros 100"},"content":{"rendered":"<p><strong>Kit Primeiros Socorros 100<\/strong><\/p>\n<p>Este kit \u00e9 <strong>ideal para ambientes de trabalho com um n\u00famero elevado de empregados<\/strong>. O seu conte\u00fado est\u00e1 de acordo com as mais recentes normas, permitindo que os empregadores demonstrem estar a cumprir com os padr\u00f5es de seguran\u00e7a e obriga\u00e7\u00f5es legais.<\/p>\n","protected":false},"excerpt":{"rendered":"<p>\u2713 Certificado CE<br \/>\n\u2713 Ideal para ambientes com elevado n\u00famero de colaboradores<br \/>\n\u2713 Curativos esterilizados e embalados individualmente<br \/>\n\u2713 Suporte de parede<br \/>\n\u2713 Dimens\u00f5es da caixa (aprox.): C23cm x L23cm x A9,5cm<\/p>\n<p>Marca:<br \/>\n<strong>Portwest<\/strong><\/p>\n","protected":false},"featured_media":110108,"template":"","meta":{"_acf_changed":false,"_et_pb_use_builder":"","_et_pb_old_content":"","_et_gb_content_width":""},"product_brand":[],"product_cat":[37],"product_tag":[44,5872,5873],"class_list":{"0":"post-110107","1":"product","2":"type-product","3":"status-publish","4":"has-post-thumbnail","6":"product_cat-equipamento-de-protecao-individual","7":"product_tag-epis","8":"product_tag-kit-de-socorros","9":"product_tag-portwest","11":"first","12":"instock","13":"shipping-taxable","14":"purchasable","15":"product-type-simple"},"acf":[],"_links":{"self":[{"href":"https:\/\/condiprestige.com\/en\/wp-json\/wp\/v2\/product\/110107","targetHints":{"allow":["GET"]}}],"collection":[{"href":"https:\/\/condiprestige.com\/en\/wp-json\/wp\/v2\/product"}],"about":[{"href":"https:\/\/condiprestige.com\/en\/wp-json\/wp\/v2\/types\/product"}],"wp:featuredmedia":[{"embeddable":true,"href":"https:\/\/condiprestige.com\/en\/wp-json\/wp\/v2\/media\/110108"}],"wp:attachment":[{"href":"https:\/\/condiprestige.com\/en\/wp-json\/wp\/v2\/media?parent=110107"}],"wp:term":[{"taxonomy":"product_brand","embeddable":true,"href":"https:\/\/condiprestige.com\/en\/wp-json\/wp\/v2\/product_brand?post=110107"},{"taxonomy":"product_cat","embeddable":true,"href":"https:\/\/condiprestige.com\/en\/wp-json\/wp\/v2\/product_cat?post=110107"},{"taxonomy":"product_tag","embeddable":true,"href":"https:\/\/condiprestige.com\/en\/wp-json\/wp\/v2\/product_tag?post=110107"}],"curies":[{"name":"wp","href":"https:\/\/api.w.org\/{rel}","templated":true}]}}