{"id":110122,"date":"2026-04-08T16:25:14","date_gmt":"2026-04-08T16:25:14","guid":{"rendered":"https:\/\/condiprestige.com\/?post_type=product&#038;p=110122"},"modified":"2026-04-08T16:25:14","modified_gmt":"2026-04-08T16:25:14","slug":"sapatilha-de-seguranca-s1ps-em-composito","status":"publish","type":"product","link":"https:\/\/condiprestige.com\/en\/produto\/sapatilha-de-seguranca-s1ps-em-composito\/","title":{"rendered":"Sapatilha de Seguran\u00e7a S1PS em Comp\u00f3sito"},"content":{"rendered":"<p><strong>Sapatilha de Seguran\u00e7a S1PS em Comp\u00f3sito<\/strong><\/p>\n<p>Esta sapatilha de seguran\u00e7a apresenta uma biqueira em material comp\u00f3sito, uma sola interm\u00e9dia em tecido resistente a perfura\u00e7\u00f5es e uma sola exterior em PU\/PU de dupla densidade para uma ader\u00eancia e absor\u00e7\u00e3o de energia superiores. A parte superior \u00e9 feita de uma combina\u00e7\u00e3o de KPU e tecido de malha, com uma gola almofadada para maior conforto.<\/p>\n","protected":false},"excerpt":{"rendered":"<p>\u2713 Certificado CE<br \/>\n\u2713 Malha com KPU: resistente e respir\u00e1vel<br \/>\n\u2713 Sistema de aperto r\u00e1pido (Spinion)<br \/>\n\u2713 Gola acolchoada para maior conforto<br \/>\n\u2713 Aba traseira para f\u00e1cil calce<br \/>\n\u2713 Palmilha confort\u00e1vel (reduz a fadiga)<br \/>\n\u2713 Sola antiderrapante<br \/>\n\u2713 Resistente a \u00f3leo e combust\u00edvel<br \/>\n\u2713 Biqueira em comp\u00f3sito<br \/>\n\u2713 Palmilha anti-perfura\u00e7\u00e3o em comp\u00f3sito<br \/>\n\u2713 Absor\u00e7\u00e3o de energia no calcanhar<br \/>\n\u2713 Antiest\u00e1tico | adequado para ESD<br \/>\n\u2713 Sola de dupla densidade<\/p>\n<p><strong>Composi\u00e7\u00e3o:<\/strong><br \/>\nSuperior: KPU\/Malha<br \/>\nForro: Malha<\/p>\n<p>Marca:<br \/>\n<strong>Portwest<\/strong><\/p>\n","protected":false},"featured_media":110215,"template":"","meta":{"_acf_changed":false,"_et_pb_use_builder":"","_et_pb_old_content":"","_et_gb_content_width":""},"product_brand":[],"product_cat":[324,186,37,185,149,15,886],"product_tag":[187,44,5873],"class_list":{"0":"post-110122","1":"product","2":"type-product","3":"status-publish","4":"has-post-thumbnail","6":"product_cat-calcado-restauracao","7":"product_cat-calcado","8":"product_cat-equipamento-de-protecao-individual","9":"product_cat-protecao-pes","10":"product_cat-restauracao","11":"product_cat-sem-categoria","12":"product_cat-tenis-calcado-restauracao","13":"product_tag-calcado","14":"product_tag-epis","15":"product_tag-portwest","17":"first","18":"instock","19":"shipping-taxable","20":"purchasable","21":"product-type-variable"},"acf":[],"_links":{"self":[{"href":"https:\/\/condiprestige.com\/en\/wp-json\/wp\/v2\/product\/110122","targetHints":{"allow":["GET"]}}],"collection":[{"href":"https:\/\/condiprestige.com\/en\/wp-json\/wp\/v2\/product"}],"about":[{"href":"https:\/\/condiprestige.com\/en\/wp-json\/wp\/v2\/types\/product"}],"wp:featuredmedia":[{"embeddable":true,"href":"https:\/\/condiprestige.com\/en\/wp-json\/wp\/v2\/media\/110215"}],"wp:attachment":[{"href":"https:\/\/condiprestige.com\/en\/wp-json\/wp\/v2\/media?parent=110122"}],"wp:term":[{"taxonomy":"product_brand","embeddable":true,"href":"https:\/\/condiprestige.com\/en\/wp-json\/wp\/v2\/product_brand?post=110122"},{"taxonomy":"product_cat","embeddable":true,"href":"https:\/\/condiprestige.com\/en\/wp-json\/wp\/v2\/product_cat?post=110122"},{"taxonomy":"product_tag","embeddable":true,"href":"https:\/\/condiprestige.com\/en\/wp-json\/wp\/v2\/product_tag?post=110122"}],"curies":[{"name":"wp","href":"https:\/\/api.w.org\/{rel}","templated":true}]}}