{"id":110135,"date":"2026-04-08T15:29:59","date_gmt":"2026-04-08T15:29:59","guid":{"rendered":"https:\/\/condiprestige.com\/?post_type=product&#038;p=110135"},"modified":"2026-04-08T15:32:54","modified_gmt":"2026-04-08T15:32:54","slug":"sapatilha-em-composito-s3s-sr-fo","status":"publish","type":"product","link":"https:\/\/condiprestige.com\/en\/produto\/sapatilha-em-composito-s3s-sr-fo\/","title":{"rendered":"Sapatilha em comp\u00f3sito S3S SR FO"},"content":{"rendered":"<p><strong>Sapatilha em comp\u00f3sito S3S SR FO<\/strong><\/p>\n<p>Esta sapatilha S3S em material comp\u00f3sito apresenta um protetor na biqueira altamente resistente \u00e0 abras\u00e3o. 100% n\u00e3o met\u00e1lica, biqueira de fibra de vidro, palmilha n\u00e3o met\u00e1lica resistente a perfura\u00e7\u00f5es e sola de PU\/PU de dupla densidade para melhor ader\u00eancia e absor\u00e7\u00e3o de energia.<\/p>\n","protected":false},"excerpt":{"rendered":"<p>\u2713 Certificado CE<br \/>\n\u2713 Reduz o cansa\u00e7o dos p\u00e9s<br \/>\n\u2713 100% livre de metal<br \/>\n\u2713 N\u00e3o magn\u00e9tico (compat\u00edvel com detetores)<br \/>\n\u2713 Resistente \u00e0 \u00e1gua<br \/>\n\u2713 Sola de dupla densidade<br \/>\n\u2713 Sola antiderrapante<br \/>\n\u2713 Resistente a \u00f3leo e combust\u00edvel<br \/>\n\u2713 Biqueira em comp\u00f3sito<br \/>\n\u2713 Antiest\u00e1tico<br \/>\n\u2713 Absor\u00e7\u00e3o de energia no calcanhar<br \/>\n\u2713 Sola interm\u00e9dia em comp\u00f3sito resistente a perfura\u00e7\u00f5es<\/p>\n<p><strong>Composi\u00e7\u00e3o:<\/strong><br \/>\nSuperior: T\u00eaxtil t\u00e9cnico resistente \u00e0 \u00e1gua<br \/>\nForro: Malha<br \/>\nEntressola: Mono PU<br \/>\n\u00danico: PU\/PU<\/p>\n<p>Marca:<br \/>\n<strong>Portwest<\/strong><\/p>\n","protected":false},"featured_media":110131,"template":"","meta":{"_acf_changed":false,"_et_pb_use_builder":"","_et_pb_old_content":"","_et_gb_content_width":""},"product_brand":[],"product_cat":[324,186,37,185,149,886],"product_tag":[187,5873],"class_list":{"0":"post-110135","1":"product","2":"type-product","3":"status-publish","4":"has-post-thumbnail","6":"product_cat-calcado-restauracao","7":"product_cat-calcado","8":"product_cat-equipamento-de-protecao-individual","9":"product_cat-protecao-pes","10":"product_cat-restauracao","11":"product_cat-tenis-calcado-restauracao","12":"product_tag-calcado","13":"product_tag-portwest","15":"first","16":"instock","17":"shipping-taxable","18":"purchasable","19":"product-type-variable","20":"has-default-attributes"},"acf":[],"_links":{"self":[{"href":"https:\/\/condiprestige.com\/en\/wp-json\/wp\/v2\/product\/110135","targetHints":{"allow":["GET"]}}],"collection":[{"href":"https:\/\/condiprestige.com\/en\/wp-json\/wp\/v2\/product"}],"about":[{"href":"https:\/\/condiprestige.com\/en\/wp-json\/wp\/v2\/types\/product"}],"wp:featuredmedia":[{"embeddable":true,"href":"https:\/\/condiprestige.com\/en\/wp-json\/wp\/v2\/media\/110131"}],"wp:attachment":[{"href":"https:\/\/condiprestige.com\/en\/wp-json\/wp\/v2\/media?parent=110135"}],"wp:term":[{"taxonomy":"product_brand","embeddable":true,"href":"https:\/\/condiprestige.com\/en\/wp-json\/wp\/v2\/product_brand?post=110135"},{"taxonomy":"product_cat","embeddable":true,"href":"https:\/\/condiprestige.com\/en\/wp-json\/wp\/v2\/product_cat?post=110135"},{"taxonomy":"product_tag","embeddable":true,"href":"https:\/\/condiprestige.com\/en\/wp-json\/wp\/v2\/product_tag?post=110135"}],"curies":[{"name":"wp","href":"https:\/\/api.w.org\/{rel}","templated":true}]}}