{"id":110210,"date":"2026-04-08T16:36:16","date_gmt":"2026-04-08T16:36:16","guid":{"rendered":"https:\/\/condiprestige.com\/?post_type=product&#038;p=110210"},"modified":"2026-04-08T16:36:16","modified_gmt":"2026-04-08T16:36:16","slug":"sapatilha-de-seguranca-ultra-leve-em-tecido-composito-s1ps-esd","status":"publish","type":"product","link":"https:\/\/condiprestige.com\/en\/produto\/sapatilha-de-seguranca-ultra-leve-em-tecido-composito-s1ps-esd\/","title":{"rendered":"Sapatilha de Seguran\u00e7a Ultra-Leve em Tecido Comp\u00f3sito (S1PS + ESD)"},"content":{"rendered":"<p><strong>Sapatilha de Seguran\u00e7a Ultra-Leve em Tecido Comp\u00f3sito (S1PS + ESD)<\/strong><\/p>\n<p>\u00danico em design e estilo, combina extremo conforto e flexibilidade durante todo o dia de trabalho. 100% n\u00e3o met\u00e1lica com uma biqueira de fibra de vidro e biqueira em comp\u00f3sito anti-penetra\u00e7\u00e3o com os benef\u00edcios adicionais de protec\u00e7\u00e3o contra ESD.<\/p>\n","protected":false},"excerpt":{"rendered":"<p>\u2713 Certificado CE<br \/>\n\u2713 Malha com KPU: resistente e respir\u00e1vel<br \/>\n\u2713 Adequado para ambientes ESD<br \/>\n\u2713 Gola acolchoada para maior conforto<br \/>\n\u2713 Palmilha confort\u00e1vel (reduz o cansa\u00e7o)<br \/>\n\u2713 Biqueira em comp\u00f3sito<br \/>\n\u2713 Absor\u00e7\u00e3o de energia no calcanhar<br \/>\n\u2713 Antiest\u00e1tico<br \/>\n\u2713 Sem silicone (ideal para ind\u00fastria e eletr\u00f3nica)<br \/>\n\u2713 Sola antiderrapante, resistente a \u00f3leo e combust\u00edvel<br \/>\n\u2713 N\u00e3o magn\u00e9tico (sem metal)<\/p>\n<p><strong>Composi\u00e7\u00e3o:<\/strong><br \/>\nSuperior: KPU\/Malha<br \/>\nSola: EVA\/Borracha<\/p>\n<p>Marca:<br \/>\n<strong>Portwest<\/strong><\/p>\n","protected":false},"featured_media":110219,"template":"","meta":{"_acf_changed":false,"_et_pb_use_builder":"","_et_pb_old_content":"","_et_gb_content_width":""},"product_brand":[],"product_cat":[324,323,149,322,15,885,886],"product_tag":[187,5873,5709],"class_list":{"0":"post-110210","1":"product","2":"type-product","3":"status-publish","4":"has-post-thumbnail","6":"product_cat-calcado-restauracao","7":"product_cat-calcado-saude-e-estetica","8":"product_cat-restauracao","9":"product_cat-saude-e-estetica","10":"product_cat-sem-categoria","11":"product_cat-tenis","12":"product_cat-tenis-calcado-restauracao","13":"product_tag-calcado","14":"product_tag-portwest","15":"product_tag-workwear","17":"first","18":"instock","19":"shipping-taxable","20":"purchasable","21":"product-type-variable"},"acf":[],"_links":{"self":[{"href":"https:\/\/condiprestige.com\/en\/wp-json\/wp\/v2\/product\/110210","targetHints":{"allow":["GET"]}}],"collection":[{"href":"https:\/\/condiprestige.com\/en\/wp-json\/wp\/v2\/product"}],"about":[{"href":"https:\/\/condiprestige.com\/en\/wp-json\/wp\/v2\/types\/product"}],"wp:featuredmedia":[{"embeddable":true,"href":"https:\/\/condiprestige.com\/en\/wp-json\/wp\/v2\/media\/110219"}],"wp:attachment":[{"href":"https:\/\/condiprestige.com\/en\/wp-json\/wp\/v2\/media?parent=110210"}],"wp:term":[{"taxonomy":"product_brand","embeddable":true,"href":"https:\/\/condiprestige.com\/en\/wp-json\/wp\/v2\/product_brand?post=110210"},{"taxonomy":"product_cat","embeddable":true,"href":"https:\/\/condiprestige.com\/en\/wp-json\/wp\/v2\/product_cat?post=110210"},{"taxonomy":"product_tag","embeddable":true,"href":"https:\/\/condiprestige.com\/en\/wp-json\/wp\/v2\/product_tag?post=110210"}],"curies":[{"name":"wp","href":"https:\/\/api.w.org\/{rel}","templated":true}]}}