{"id":110236,"date":"2026-04-14T16:10:35","date_gmt":"2026-04-14T16:10:35","guid":{"rendered":"https:\/\/condiprestige.com\/?post_type=product&#038;p=110236"},"modified":"2026-04-14T16:10:35","modified_gmt":"2026-04-14T16:10:35","slug":"camisa-polo-de-contraste-leve","status":"publish","type":"product","link":"https:\/\/condiprestige.com\/en\/produto\/camisa-polo-de-contraste-leve\/","title":{"rendered":"Camisa Polo de Contraste Leve"},"content":{"rendered":"<p><strong>Camisa Polo de Contraste Leve<\/strong><\/p>\n<p>Detalhes atenciosos e uma constru\u00e7\u00e3o de alta qualidade significam que a nossa camisa polo \u00e9 mais confort\u00e1vel e mais duradoura do que os principais concorrentes. Ideal para trabalhar em condi\u00e7\u00f5es de calor.<\/p>\n","protected":false},"excerpt":{"rendered":"<p>\u2713 Certificado CE<br \/>\n\u2713 Tecido anti-humidade: mant\u00e9m o corpo seco e confort\u00e1vel<br \/>\n\u2713 Secagem r\u00e1pida e f\u00e1cil remo\u00e7\u00e3o de manchas<br \/>\n\u2713 Ajuste moderno e confort\u00e1vel<br \/>\n\u2713 Pain\u00e9is de contraste anti-sujidade<br \/>\n\u2713 Fita refletora para maior visibilidade<br \/>\n\u2713 Prote\u00e7\u00e3o UV 40+ (bloqueia 98% dos raios)<br \/>\n\u2713 Certificado EN ISO 20471 (at\u00e9 25 lavagens)<\/p>\n<p><strong>Composi\u00e7\u00e3o:<\/strong><br \/>\nTecido Exterior : 100% Poli\u00e9ster olho de p\u00e1ssaro<br \/>\n150g<\/p>\n<p>Marca:<br \/>\n<strong>Portwest<\/strong><\/p>\n","protected":false},"featured_media":110243,"template":"","meta":{"_acf_changed":false,"_et_pb_use_builder":"","_et_pb_old_content":"","_et_gb_content_width":""},"product_brand":[],"product_cat":[15],"product_tag":[],"class_list":{"0":"post-110236","1":"product","2":"type-product","3":"status-publish","4":"has-post-thumbnail","6":"product_cat-sem-categoria","8":"first","9":"instock","10":"shipping-taxable","11":"product-type-variable"},"acf":[],"_links":{"self":[{"href":"https:\/\/condiprestige.com\/en\/wp-json\/wp\/v2\/product\/110236","targetHints":{"allow":["GET"]}}],"collection":[{"href":"https:\/\/condiprestige.com\/en\/wp-json\/wp\/v2\/product"}],"about":[{"href":"https:\/\/condiprestige.com\/en\/wp-json\/wp\/v2\/types\/product"}],"wp:featuredmedia":[{"embeddable":true,"href":"https:\/\/condiprestige.com\/en\/wp-json\/wp\/v2\/media\/110243"}],"wp:attachment":[{"href":"https:\/\/condiprestige.com\/en\/wp-json\/wp\/v2\/media?parent=110236"}],"wp:term":[{"taxonomy":"product_brand","embeddable":true,"href":"https:\/\/condiprestige.com\/en\/wp-json\/wp\/v2\/product_brand?post=110236"},{"taxonomy":"product_cat","embeddable":true,"href":"https:\/\/condiprestige.com\/en\/wp-json\/wp\/v2\/product_cat?post=110236"},{"taxonomy":"product_tag","embeddable":true,"href":"https:\/\/condiprestige.com\/en\/wp-json\/wp\/v2\/product_tag?post=110236"}],"curies":[{"name":"wp","href":"https:\/\/api.w.org\/{rel}","templated":true}]}}