{"id":110245,"date":"2026-04-08T17:05:49","date_gmt":"2026-04-08T17:05:49","guid":{"rendered":"https:\/\/condiprestige.com\/?post_type=product&#038;p=110245"},"modified":"2026-04-08T17:05:49","modified_gmt":"2026-04-08T17:05:49","slug":"casaco-sealtex-air-s350","status":"publish","type":"product","link":"https:\/\/condiprestige.com\/en\/produto\/casaco-sealtex-air-s350\/","title":{"rendered":"Casaco Sealtex AIR S350"},"content":{"rendered":"<p><strong>Casaco Sealtex AIR S350<\/strong><\/p>\n<p>O design funcional, com uma excepcional resist\u00eancia \u00e0 \u00e1gua e respirabilidade fazem desta pe\u00e7a um casaco imperme\u00e1vel de grande valor. O tecido resistente e as costuras soldadas s\u00e3o combinados com um ajuste generoso para conforto do utilizador.<\/p>\n","protected":false},"excerpt":{"rendered":"<p>\u2713 Certificado CE<br \/>\n\u2713 Imperme\u00e1vel com costuras seladas<br \/>\n\u2713 Respir\u00e1vel: mant\u00e9m o corpo seco e confort\u00e1vel<br \/>\n\u2713 Acabamento repelente de \u00e1gua (sem PFAS)<br \/>\n\u2713 Tecido el\u00e1stico 4 vias para maior mobilidade<br \/>\n\u2713 Resistente e com acabamento anti-sujidade<br \/>\n\u2713 2 bolsos espa\u00e7osos<br \/>\n\u2713 Ventila\u00e7\u00e3o nas costas para maior respirabilidade<br \/>\n\u2713 Punhos ajust\u00e1veis com interior em malha<br \/>\n\u2713 Fecho com pala anti-tempestade<br \/>\n\u2713 Capuz e bainha ajust\u00e1veis<br \/>\n\u2713 Fecho zip de dupla via<br \/>\n\u2713 Embalagem pronta para exposi\u00e7\u00e3o<\/p>\n<p><strong>Composi\u00e7\u00e3o:<\/strong><br \/>\nTecido Exterior: Sealtex AIR: 100% Poli\u00e9ster Tricot<br \/>\nRevestido com PU<br \/>\n180g<\/p>\n<p>Marca:<br \/>\n<strong>Portwest<\/strong><\/p>\n","protected":false},"featured_media":110254,"template":"","meta":{"_acf_changed":false,"_et_pb_use_builder":"","_et_pb_old_content":"","_et_gb_content_width":""},"product_brand":[],"product_cat":[112,495,16,494,105],"product_tag":[496,5873],"class_list":{"0":"post-110245","1":"product","2":"type-product","3":"status-publish","4":"has-post-thumbnail","6":"product_cat-parkas-e-blusoes","7":"product_cat-parkas-e-blusoes-vestuario-de-chuva-frio","8":"product_cat-servicos","9":"product_cat-vestuario-de-chuva-frio","10":"product_cat-workwear","11":"product_tag-parka","12":"product_tag-portwest","14":"first","15":"instock","16":"shipping-taxable","17":"purchasable","18":"product-type-variable","19":"has-default-attributes"},"acf":[],"_links":{"self":[{"href":"https:\/\/condiprestige.com\/en\/wp-json\/wp\/v2\/product\/110245","targetHints":{"allow":["GET"]}}],"collection":[{"href":"https:\/\/condiprestige.com\/en\/wp-json\/wp\/v2\/product"}],"about":[{"href":"https:\/\/condiprestige.com\/en\/wp-json\/wp\/v2\/types\/product"}],"wp:featuredmedia":[{"embeddable":true,"href":"https:\/\/condiprestige.com\/en\/wp-json\/wp\/v2\/media\/110254"}],"wp:attachment":[{"href":"https:\/\/condiprestige.com\/en\/wp-json\/wp\/v2\/media?parent=110245"}],"wp:term":[{"taxonomy":"product_brand","embeddable":true,"href":"https:\/\/condiprestige.com\/en\/wp-json\/wp\/v2\/product_brand?post=110245"},{"taxonomy":"product_cat","embeddable":true,"href":"https:\/\/condiprestige.com\/en\/wp-json\/wp\/v2\/product_cat?post=110245"},{"taxonomy":"product_tag","embeddable":true,"href":"https:\/\/condiprestige.com\/en\/wp-json\/wp\/v2\/product_tag?post=110245"}],"curies":[{"name":"wp","href":"https:\/\/api.w.org\/{rel}","templated":true}]}}