{"id":110258,"date":"2026-04-09T08:34:06","date_gmt":"2026-04-09T08:34:06","guid":{"rendered":"https:\/\/condiprestige.com\/?post_type=product&#038;p=110258"},"modified":"2026-04-09T08:34:06","modified_gmt":"2026-04-09T08:34:06","slug":"calca-de-trabalho-impermeavel-e-respiravel-sealtex-air-s351","status":"publish","type":"product","link":"https:\/\/condiprestige.com\/en\/produto\/calca-de-trabalho-impermeavel-e-respiravel-sealtex-air-s351\/","title":{"rendered":"Cal\u00e7a de Trabalho Imperme\u00e1vel e Respir\u00e1vel Sealtex AIR S351"},"content":{"rendered":"<p><strong>Cal\u00e7a de Trabalho Imperme\u00e1vel e Respir\u00e1vel Sealtex AIR S351<\/strong><\/p>\n<p>Uma pe\u00e7a de roupa de qualidade excepcional, a cal\u00e7a Sealtex AIR \u00e9 fabricada com um extraordin\u00e1rio material leve, que oferece uma mistura incompar\u00e1vel de respirabilidade, protec\u00e7\u00e3o imperme\u00e1vel e \u00e0 prova de vento.<\/p>\n","protected":false},"excerpt":{"rendered":"<p>\u2713 Cor <strong>Azul Marinho<\/strong><br \/>\n\u2713 Certificado CE<br \/>\n\u2713 Acabamento Texpel\u2122 Splash Eco: resistente \u00e0 \u00e1gua, sem PFAS<br \/>\n\u2713 Tecido respir\u00e1vel que mant\u00e9m o corpo seco e confort\u00e1vel<br \/>\n\u2713 Costuras seladas \u00e0 prova de \u00e1gua<br \/>\n\u2713 Tecido el\u00e1stico 4 vias para maior mobilidade<br \/>\n\u2713 Dur\u00e1vel, el\u00e1stico e com acabamento anti-sujidade<br \/>\n\u2713 Cintura el\u00e1stica para m\u00e1ximo conforto<br \/>\n\u2713 Bainhas ajust\u00e1veis com bot\u00f5es de press\u00e3o<br \/>\n\u2713 Saco de retalho para apresenta\u00e7\u00e3o de vendas<\/p>\n<p><strong>Composi\u00e7\u00e3o:<\/strong><br \/>\nTecido Exterior: Sealtex AIR: 100% Poli\u00e9ster Tricot<br \/>\nRevestido com PU<br \/>\n180g<\/p>\n<p>Marca:<br \/>\n<strong>Portwest<\/strong><\/p>\n","protected":false},"featured_media":110261,"template":"","meta":{"_acf_changed":false,"_et_pb_use_builder":"","_et_pb_old_content":"","_et_gb_content_width":""},"product_brand":[],"product_cat":[106,107,16,494,105],"product_tag":[355,5873,5709],"class_list":{"0":"post-110258","1":"product","2":"type-product","3":"status-publish","4":"has-post-thumbnail","6":"product_cat-calcas-calcoes","7":"product_cat-calcas-e-calcoes","8":"product_cat-servicos","9":"product_cat-vestuario-de-chuva-frio","10":"product_cat-workwear","11":"product_tag-calcas-de-trabalho","12":"product_tag-portwest","13":"product_tag-workwear","15":"first","16":"instock","17":"shipping-taxable","18":"purchasable","19":"product-type-variable"},"acf":[],"_links":{"self":[{"href":"https:\/\/condiprestige.com\/en\/wp-json\/wp\/v2\/product\/110258","targetHints":{"allow":["GET"]}}],"collection":[{"href":"https:\/\/condiprestige.com\/en\/wp-json\/wp\/v2\/product"}],"about":[{"href":"https:\/\/condiprestige.com\/en\/wp-json\/wp\/v2\/types\/product"}],"wp:featuredmedia":[{"embeddable":true,"href":"https:\/\/condiprestige.com\/en\/wp-json\/wp\/v2\/media\/110261"}],"wp:attachment":[{"href":"https:\/\/condiprestige.com\/en\/wp-json\/wp\/v2\/media?parent=110258"}],"wp:term":[{"taxonomy":"product_brand","embeddable":true,"href":"https:\/\/condiprestige.com\/en\/wp-json\/wp\/v2\/product_brand?post=110258"},{"taxonomy":"product_cat","embeddable":true,"href":"https:\/\/condiprestige.com\/en\/wp-json\/wp\/v2\/product_cat?post=110258"},{"taxonomy":"product_tag","embeddable":true,"href":"https:\/\/condiprestige.com\/en\/wp-json\/wp\/v2\/product_tag?post=110258"}],"curies":[{"name":"wp","href":"https:\/\/api.w.org\/{rel}","templated":true}]}}