{"id":110270,"date":"2026-04-09T08:48:18","date_gmt":"2026-04-09T08:48:18","guid":{"rendered":"https:\/\/condiprestige.com\/?post_type=product&#038;p=110270"},"modified":"2026-04-09T08:53:55","modified_gmt":"2026-04-09T08:53:55","slug":"casaco-impermeavel-feminino-s352-sealtex","status":"publish","type":"product","link":"https:\/\/condiprestige.com\/en\/produto\/casaco-impermeavel-feminino-s352-sealtex\/","title":{"rendered":"Casaco Imperme\u00e1vel Feminino S352 Sealtex"},"content":{"rendered":"<p><strong class=\"Yjhzub\" data-sfc-root=\"c\" data-sfc-cb=\"\" data-complete=\"true\" aria-owns=\"action-menu-parent-container\">Casaco Imperme\u00e1vel Feminino S352 Sealtex:\u00a0<\/strong><\/p>\n<p>Casaco de chuva feminina \u00e9 perfeita para mulheres que precisam ter um visual elegante, mas ainda desejam prote\u00e7\u00e3o contra condi\u00e7\u00f5es clim\u00e1ticas adversas. Feita de tecido Sealtex, esta pe\u00e7a sob medida \u00e9 resistente \u00e0 \u00e1gua e inclui aba contra tempestades, capuz ajust\u00e1vel e bolsos com z\u00edper.<\/p>\n","protected":false},"excerpt":{"rendered":"<p>\u2713 Cor\u00a0<strong>Azul Marinho<\/strong><br \/>\n\u2713 Certificado CE<br \/>\n\u2713 Texpel\u2122 Splash Eco: resistente \u00e0 \u00e1gua, sem PFAS<br \/>\n\u2713 Costuras seladas \u00e0 prova de \u00e1gua<br \/>\n\u2713 Dur\u00e1vel, el\u00e1stico e anti-sujidade<br \/>\n\u2713 Dupla pala e capuz para prote\u00e7\u00e3o contra intemp\u00e9ries<br \/>\n\u2713 2 bolsos espa\u00e7osos<br \/>\n\u2713 Punhos ajust\u00e1veis com fita de nastro<br \/>\n\u2713 Saco de retalho para apresenta\u00e7\u00e3o<\/p>\n<p><strong>Composi\u00e7\u00e3o:<\/strong><br \/>\nTecido Exterior: Sealtex Classic: 100% Poli\u00e9ster Tricot<br \/>\nRevestido com PU<br \/>\n200g<br \/>\nForro: 100% Polyester Taffeta 60g<\/p>\n<p>Marca:<br \/>\n<strong>Portwest<\/strong><\/p>\n","protected":false},"featured_media":110279,"template":"","meta":{"_acf_changed":false,"_et_pb_use_builder":"","_et_pb_old_content":"","_et_gb_content_width":""},"product_brand":[],"product_cat":[390,391,495,112,16,494,105],"product_tag":[496,5873,5709],"class_list":{"0":"post-110270","1":"product","2":"type-product","3":"status-publish","4":"has-post-thumbnail","6":"product_cat-casacos","7":"product_cat-casacos-de-trabalho","8":"product_cat-parkas-e-blusoes-vestuario-de-chuva-frio","9":"product_cat-parkas-e-blusoes","10":"product_cat-servicos","11":"product_cat-vestuario-de-chuva-frio","12":"product_cat-workwear","13":"product_tag-parka","14":"product_tag-portwest","15":"product_tag-workwear","17":"first","18":"instock","19":"shipping-taxable","20":"purchasable","21":"product-type-variable","22":"has-default-attributes"},"acf":[],"_links":{"self":[{"href":"https:\/\/condiprestige.com\/en\/wp-json\/wp\/v2\/product\/110270","targetHints":{"allow":["GET"]}}],"collection":[{"href":"https:\/\/condiprestige.com\/en\/wp-json\/wp\/v2\/product"}],"about":[{"href":"https:\/\/condiprestige.com\/en\/wp-json\/wp\/v2\/types\/product"}],"wp:featuredmedia":[{"embeddable":true,"href":"https:\/\/condiprestige.com\/en\/wp-json\/wp\/v2\/media\/110279"}],"wp:attachment":[{"href":"https:\/\/condiprestige.com\/en\/wp-json\/wp\/v2\/media?parent=110270"}],"wp:term":[{"taxonomy":"product_brand","embeddable":true,"href":"https:\/\/condiprestige.com\/en\/wp-json\/wp\/v2\/product_brand?post=110270"},{"taxonomy":"product_cat","embeddable":true,"href":"https:\/\/condiprestige.com\/en\/wp-json\/wp\/v2\/product_cat?post=110270"},{"taxonomy":"product_tag","embeddable":true,"href":"https:\/\/condiprestige.com\/en\/wp-json\/wp\/v2\/product_tag?post=110270"}],"curies":[{"name":"wp","href":"https:\/\/api.w.org\/{rel}","templated":true}]}}