{"id":110299,"date":"2026-04-09T16:22:12","date_gmt":"2026-04-09T16:22:12","guid":{"rendered":"https:\/\/condiprestige.com\/?post_type=product&#038;p=110299"},"modified":"2026-04-09T16:22:12","modified_gmt":"2026-04-09T16:22:12","slug":"cobre-barba-em-pp-azul-com-elastico","status":"publish","type":"product","link":"https:\/\/condiprestige.com\/en\/produto\/cobre-barba-em-pp-azul-com-elastico\/","title":{"rendered":"Cobre Barba em PP azul, com el\u00e1stico"},"content":{"rendered":"<p><strong>Cobre Barba em PP azul, com el\u00e1stico<\/strong><\/p>\n<div class=\"Y3BBE\" data-sfc-cp=\"\" data-sfc-root=\"c\" data-sfc-cb=\"\" data-hveid=\"CAEIARAA\" data-complete=\"true\" data-processed=\"true\"><span data-subtree=\"aimfl\" data-processed=\"true\">Este cobre-barba em polipropileno azul com el\u00e1stico \u00e9 um acess\u00f3rio de prote\u00e7\u00e3o indispens\u00e1vel para evitar a contamina\u00e7\u00e3o por queda de pelos faciais em ambientes controlados. O seu uso \u00e9 priorit\u00e1rio em setores como a\u00a0<\/span><strong class=\"Yjhzub\" data-sfc-root=\"c\" data-sfc-cb=\"\" data-complete=\"true\" data-processed=\"true\">ind\u00fastria alimentar<\/strong>, o\u00a0<strong class=\"Yjhzub\" data-sfc-root=\"c\" data-sfc-cb=\"\" data-complete=\"true\" data-processed=\"true\">ramo farmac\u00eautico<\/strong>\u00a0e a\u00a0<strong class=\"Yjhzub\" data-sfc-root=\"c\" data-sfc-cb=\"\" data-complete=\"true\" data-processed=\"true\">restaura\u00e7\u00e3o<\/strong>, onde a higiene rigorosa e a seguran\u00e7a dos produtos s\u00e3o fundamentais para cumprir as normas de sa\u00fade p\u00fablica.<\/div>\n","protected":false},"excerpt":{"rendered":"<p>\u2713 Embalagem de 100 unid.<br \/>\n\u2713 Azul<br \/>\n\u2713 Descart\u00e1veis<\/p>\n<p>Composi\u00e7\u00e3o:<br \/>\nPolipropileno<\/p>\n<p>&nbsp;<\/p>\n<div class=\"et_pb_with_border et_pb_module et_pb_wc_description et_pb_wc_description_0_tb_body et_pb_bg_layout_light  et_pb_text_align_left\">\n<div class=\"et_pb_module_inner\">\n<p>Marca:<br \/>\n<strong>RubberGold<\/strong><\/p>\n<\/div>\n<\/div>\n<div id=\"prod-add2cart\" class=\"et_pb_with_border et_pb_module et_pb_wc_add_to_cart et_pb_wc_add_to_cart_0_tb_body et_pb_fields_label_position_default et_pb_bg_layout_ et_pb_woo_custom_button_icon  et_pb_text_align_left\" data-button-class=\"single_add_to_cart_button\" data-button-icon=\"\ue015\" data-button-icon-tablet=\"\" data-button-icon-phone=\"\">\n<div class=\"et_pb_module_inner\">\n<form class=\"variations_form cart swatches-support wvs-loaded\" action=\"https:\/\/condiprestige.com\/produto\/touca-circular-branco-com-pala\/\" enctype=\"multipart\/form-data\" method=\"post\" data-product_id=\"16028\" data-product_variations=\"[{&quot;attributes&quot;:{&quot;attribute_pa_tamanhos&quot;:&quot;unico&quot;,&quot;attribute_pa_cores&quot;:&quot;branco&quot;},&quot;availability_html&quot;:&quot;&lt;p class=\\&quot;stock in-stock\\&quot;&gt;&lt;i class=\\&quot;fa-icon\\&quot; style=\\&quot;font-size: 1em\\&quot;&gt;\\uf058&lt;\\\/i&gt;Dispon\\u00edvel&lt;\\\/p&gt;\\n&quot;,&quot;backorders_allowed&quot;:false,&quot;dimensions&quot;:{&quot;length&quot;:&quot;&quot;,&quot;width&quot;:&quot;&quot;,&quot;height&quot;:&quot;&quot;},&quot;dimensions_html&quot;:&quot;n.d.&quot;,&quot;display_price&quot;:8.49,&quot;display_regular_price&quot;:8.49,&quot;image&quot;:{&quot;title&quot;:&quot;Descart\\u00e1veis&quot;,&quot;caption&quot;:&quot;&quot;,&quot;url&quot;:&quot;https:\\\/\\\/condiprestige.com\\\/wp-content\\\/uploads\\\/2021\\\/09\\\/Touca-Circular-4129.png&quot;,&quot;alt&quot;:&quot;Touca Circular 4129&quot;,&quot;src&quot;:&quot;https:\\\/\\\/condiprestige.com\\\/wp-content\\\/uploads\\\/2021\\\/09\\\/Touca-Circular-4129.png&quot;,&quot;srcset&quot;:&quot;https:\\\/\\\/condiprestige.com\\\/wp-content\\\/uploads\\\/2021\\\/09\\\/Touca-Circular-4129.png 1152w, https:\\\/\\\/condiprestige.com\\\/wp-content\\\/uploads\\\/2021\\\/09\\\/Touca-Circular-4129-980x980.png 980w, https:\\\/\\\/condiprestige.com\\\/wp-content\\\/uploads\\\/2021\\\/09\\\/Touca-Circular-4129-480x480.png 480w&quot;,&quot;sizes&quot;:&quot;(min-width: 0px) and (max-width: 480px) 480px, (min-width: 481px) and (max-width: 980px) 980px, (min-width: 981px) 1152px, 100vw&quot;,&quot;full_src&quot;:&quot;https:\\\/\\\/condiprestige.com\\\/wp-content\\\/uploads\\\/2021\\\/09\\\/Touca-Circular-4129.png&quot;,&quot;full_src_w&quot;:1152,&quot;full_src_h&quot;:1152,&quot;gallery_thumbnail_src&quot;:&quot;https:\\\/\\\/condiprestige.com\\\/wp-content\\\/uploads\\\/2021\\\/09\\\/Touca-Circular-4129-600x600.png&quot;,&quot;gallery_thumbnail_src_w&quot;:600,&quot;gallery_thumbnail_src_h&quot;:600,&quot;thumb_src&quot;:&quot;https:\\\/\\\/condiprestige.com\\\/wp-content\\\/uploads\\\/2021\\\/09\\\/Touca-Circular-4129-600x600.png&quot;,&quot;thumb_src_w&quot;:600,&quot;thumb_src_h&quot;:600,&quot;src_w&quot;:1152,&quot;src_h&quot;:1152},&quot;image_id&quot;:109938,&quot;is_downloadable&quot;:false,&quot;is_in_stock&quot;:true,&quot;is_purchasable&quot;:true,&quot;is_sold_individually&quot;:&quot;no&quot;,&quot;is_virtual&quot;:false,&quot;max_qty&quot;:&quot;&quot;,&quot;min_qty&quot;:1,&quot;price_html&quot;:&quot;&quot;,&quot;sku&quot;:&quot;4129-001&quot;,&quot;variation_description&quot;:&quot;&quot;,&quot;variation_id&quot;:16048,&quot;variation_is_active&quot;:true,&quot;variation_is_visible&quot;:true,&quot;weight&quot;:&quot;&quot;,&quot;weight_html&quot;:&quot;n.d.&quot;,&quot;display_name&quot;:&quot;Touca Circular Branco com Pala - \\u00danico, Branco&quot;,&quot;variation_gallery_images&quot;:[{&quot;image_id&quot;:109938,&quot;title&quot;:&quot;Descart\\u00e1veis&quot;,&quot;caption&quot;:&quot;&quot;,&quot;url&quot;:&quot;https:\\\/\\\/condiprestige.com\\\/wp-content\\\/uploads\\\/2021\\\/09\\\/Touca-Circular-4129.png&quot;,&quot;alt&quot;:&quot;Touca Circular 4129&quot;,&quot;full_src&quot;:&quot;https:\\\/\\\/condiprestige.com\\\/wp-content\\\/uploads\\\/2021\\\/09\\\/Touca-Circular-4129.png&quot;,&quot;full_src_w&quot;:&quot;1152&quot;,&quot;full_src_h&quot;:&quot;1152&quot;,&quot;full_class&quot;:&quot;attachment-full size-full&quot;,&quot;gallery_thumbnail_src&quot;:&quot;https:\\\/\\\/condiprestige.com\\\/wp-content\\\/uploads\\\/2021\\\/09\\\/Touca-Circular-4129-600x600.png&quot;,&quot;gallery_thumbnail_src_w&quot;:&quot;600&quot;,&quot;gallery_thumbnail_src_h&quot;:&quot;600&quot;,&quot;gallery_thumbnail_class&quot;:&quot;attachment-600x600 size-600x600&quot;,&quot;archive_src&quot;:&quot;https:\\\/\\\/condiprestige.com\\\/wp-content\\\/uploads\\\/2021\\\/09\\\/Touca-Circular-4129-600x600.png&quot;,&quot;archive_src_w&quot;:&quot;600&quot;,&quot;archive_src_h&quot;:&quot;600&quot;,&quot;archive_class&quot;:&quot;attachment-woocommerce_thumbnail size-woocommerce_thumbnail&quot;,&quot;src&quot;:&quot;https:\\\/\\\/condiprestige.com\\\/wp-content\\\/uploads\\\/2021\\\/09\\\/Touca-Circular-4129.png&quot;,&quot;class&quot;:&quot;wp-post-image wvg-post-image attachment-woocommerce_single size-woocommerce_single &quot;,&quot;src_w&quot;:&quot;1152&quot;,&quot;src_h&quot;:&quot;1152&quot;,&quot;srcset&quot;:&quot;https:\\\/\\\/condiprestige.com\\\/wp-content\\\/uploads\\\/2021\\\/09\\\/Touca-Circular-4129.png 1152w, https:\\\/\\\/condiprestige.com\\\/wp-content\\\/uploads\\\/2021\\\/09\\\/Touca-Circular-4129-980x980.png 980w, https:\\\/\\\/condiprestige.com\\\/wp-content\\\/uploads\\\/2021\\\/09\\\/Touca-Circular-4129-480x480.png 480w&quot;,&quot;sizes&quot;:&quot;(min-width: 0px) and (max-width: 480px) 480px, (min-width: 481px) and (max-width: 980px) 980px, (min-width: 981px) 1152px, 100vw&quot;,&quot;video_link&quot;:&quot;&quot;,&quot;extra_params&quot;:&quot;&quot;}]}]\">\n<div data-product_id=\"16028\" data-threshold_min=\"100\" data-threshold_max=\"100\" data-total=\"1\"><\/div>\n<\/form>\n<\/div>\n<\/div>\n","protected":false},"featured_media":110301,"template":"","meta":{"_acf_changed":false,"_et_pb_use_builder":"","_et_pb_old_content":"","_et_gb_content_width":""},"product_brand":[],"product_cat":[38,37,51],"product_tag":[5874,43,44],"class_list":{"0":"post-110299","1":"product","2":"type-product","3":"status-publish","4":"has-post-thumbnail","6":"product_cat-descartaveis","7":"product_cat-equipamento-de-protecao-individual","8":"product_cat-mascaras","9":"product_tag-cobre-barba","10":"product_tag-descartaveis","11":"product_tag-epis","13":"first","14":"instock","15":"shipping-taxable","16":"purchasable","17":"product-type-simple"},"acf":[],"_links":{"self":[{"href":"https:\/\/condiprestige.com\/en\/wp-json\/wp\/v2\/product\/110299","targetHints":{"allow":["GET"]}}],"collection":[{"href":"https:\/\/condiprestige.com\/en\/wp-json\/wp\/v2\/product"}],"about":[{"href":"https:\/\/condiprestige.com\/en\/wp-json\/wp\/v2\/types\/product"}],"wp:featuredmedia":[{"embeddable":true,"href":"https:\/\/condiprestige.com\/en\/wp-json\/wp\/v2\/media\/110301"}],"wp:attachment":[{"href":"https:\/\/condiprestige.com\/en\/wp-json\/wp\/v2\/media?parent=110299"}],"wp:term":[{"taxonomy":"product_brand","embeddable":true,"href":"https:\/\/condiprestige.com\/en\/wp-json\/wp\/v2\/product_brand?post=110299"},{"taxonomy":"product_cat","embeddable":true,"href":"https:\/\/condiprestige.com\/en\/wp-json\/wp\/v2\/product_cat?post=110299"},{"taxonomy":"product_tag","embeddable":true,"href":"https:\/\/condiprestige.com\/en\/wp-json\/wp\/v2\/product_tag?post=110299"}],"curies":[{"name":"wp","href":"https:\/\/api.w.org\/{rel}","templated":true}]}}