{"id":110323,"date":"2026-04-10T09:49:15","date_gmt":"2026-04-10T09:49:15","guid":{"rendered":"https:\/\/condiprestige.com\/?post_type=product&#038;p=110323"},"modified":"2026-04-10T09:49:15","modified_gmt":"2026-04-10T09:49:15","slug":"luva-juba-agilidade-de-agarre-578nr","status":"publish","type":"product","link":"https:\/\/condiprestige.com\/en\/produto\/luva-juba-agilidade-de-agarre-578nr\/","title":{"rendered":"Luva Juba Agilidade de Agarre 578NR"},"content":{"rendered":"<p><strong>Luva Juba Agilidade de Agarre 578NR<\/strong><\/p>\n<p>O nitrilo proporciona maior durabilidade, elasticidade e resist\u00eancia a perfura\u00e7\u00f5es, al\u00e9m de se adaptar termicamente \u00e0 m\u00e3o para um ajuste perfeito. O acabamento diamantado oferece maior resist\u00eancia ao desgaste e melhor ader\u00eancia. Adequado para pessoas com alergia ao l\u00e1tex.<\/p>\n","protected":false},"excerpt":{"rendered":"<p>Breve Descri\u00e7\u00e3o:<br \/>\n\u2713 Preto<br \/>\n\u2713 Caixa de 50 unid<br \/>\n\u2713 Sem p\u00f3<br \/>\n\u2713 Espessura: 0.19 mm<br \/>\n\u2713 Ideal para pessoas com alergia ao l\u00e1tex<br \/>\n\u2713 Dur\u00e1vel<br \/>\n\u2713 Resistente<br \/>\n\u2713 Ajuste \u00e0 m\u00e3o perfeito<\/p>\n<p><strong>Composi\u00e7\u00e3o:<\/strong><br \/>\nMaterial: Nitrilo<br \/>\nPeso: 8 grs<\/p>\n<p><strong>Setores recomendados:<\/strong><br \/>\n\u2713 Montagens leves<br \/>\n\u2713 Manuten\u00e7\u00e3o industrial<br \/>\n\u2713 Manuten\u00e7\u00e3o de ve\u00edculos<br \/>\n\u2713 Limpeza<br \/>\n\u2713 Pintura<br \/>\n\u2713 Jardinagem e agricultura<br \/>\n\u2713 Oficinas<br \/>\n\u2713 Ind\u00fastria Alimentar<\/p>\n<p>Marca:<br \/>\n<strong>Juba<\/strong><\/p>\n","protected":false},"featured_media":110329,"template":"","meta":{"_acf_changed":false,"_et_pb_use_builder":"","_et_pb_old_content":"","_et_gb_content_width":""},"product_brand":[],"product_cat":[38,37,39],"product_tag":[44,5544,42],"class_list":{"0":"post-110323","1":"product","2":"type-product","3":"status-publish","4":"has-post-thumbnail","6":"product_cat-descartaveis","7":"product_cat-equipamento-de-protecao-individual","8":"product_cat-luvas-descartaveis","9":"product_tag-epis","10":"product_tag-juba","11":"product_tag-luvas-descartaveis","13":"first","14":"instock","15":"shipping-taxable","16":"purchasable","17":"product-type-variable"},"acf":[],"_links":{"self":[{"href":"https:\/\/condiprestige.com\/en\/wp-json\/wp\/v2\/product\/110323","targetHints":{"allow":["GET"]}}],"collection":[{"href":"https:\/\/condiprestige.com\/en\/wp-json\/wp\/v2\/product"}],"about":[{"href":"https:\/\/condiprestige.com\/en\/wp-json\/wp\/v2\/types\/product"}],"wp:featuredmedia":[{"embeddable":true,"href":"https:\/\/condiprestige.com\/en\/wp-json\/wp\/v2\/media\/110329"}],"wp:attachment":[{"href":"https:\/\/condiprestige.com\/en\/wp-json\/wp\/v2\/media?parent=110323"}],"wp:term":[{"taxonomy":"product_brand","embeddable":true,"href":"https:\/\/condiprestige.com\/en\/wp-json\/wp\/v2\/product_brand?post=110323"},{"taxonomy":"product_cat","embeddable":true,"href":"https:\/\/condiprestige.com\/en\/wp-json\/wp\/v2\/product_cat?post=110323"},{"taxonomy":"product_tag","embeddable":true,"href":"https:\/\/condiprestige.com\/en\/wp-json\/wp\/v2\/product_tag?post=110323"}],"curies":[{"name":"wp","href":"https:\/\/api.w.org\/{rel}","templated":true}]}}