{"id":110389,"date":"2026-04-13T16:52:52","date_gmt":"2026-04-13T16:52:52","guid":{"rendered":"https:\/\/condiprestige.com\/?post_type=product&#038;p=110389"},"modified":"2026-04-13T16:52:54","modified_gmt":"2026-04-13T16:52:54","slug":"calcas-de-trabalho-alta-visibilidade-bicolor-contrast-tx71","status":"publish","type":"product","link":"https:\/\/condiprestige.com\/en\/produto\/calcas-de-trabalho-alta-visibilidade-bicolor-contrast-tx71\/","title":{"rendered":"Cal\u00e7as de trabalho Alta Visibilidade Bicolor Contrast TX71"},"content":{"rendered":"<p><strong>Cal\u00e7as de trabalho Alta Visibilidade Bicolor Contrast TX71<\/strong><\/p>\n<p>O TX71 \u00e9 um modelo resistente, dur\u00e1vel e elegante com uma cintura el\u00e1stica descontra\u00edda. Fabricada em tecido Kingsmill de qualidade, inclui um bolso com r\u00e9gua dupla, um bolso traseiro com aba e costuras duplas para maior resist\u00eancia.<\/p>\n","protected":false},"excerpt":{"rendered":"<p>\u2713 Tecido poli-algod\u00e3o dur\u00e1vel com acabamento Texpel resistente a n\u00f3doas<br \/>\n\u2713 Acabamento Texpel\u2122 Stain Eco repele sujidade e \u00e1gua<br \/>\n\u2713 Costuras duplas para maior durabilidade<br \/>\n\u2713 Fita aderente na bainha para ajuste seguro<br \/>\n\u2713 2 bolsos laterais, bolso traseiro e bolso duplo de metro<br \/>\n\u2713 Anel em D para chaves ou cart\u00f5es<br \/>\n\u2713 Fita refletora para visibilidade<br \/>\n\u2713 Bolsas de joelheira inferiores<br \/>\n\u2713 Cintura traseira el\u00e1stica para ajuste seguro<br \/>\n\u2713 5 bolsos espa\u00e7osos<br \/>\n\u2713 Tecido UPF 40 bloqueia 98% dos raios UV<br \/>\n\u2713 Certificados: EN ISO 20471 (50 lavagens), CE, RIS 3279-TOM (ferrovi\u00e1rio, laranja)<br \/>\n\u2713 S478 + TX71 certificados como conjunto classe 3 segundo EN ISO 20471<\/p>\n<p><strong>Composi\u00e7\u00e3o:<\/strong><br \/>\nTecido Exterior: Algod\u00e3o Polycotton Kingsmill 65% Poli\u00e9ster, 35% Algod\u00e3o 245g<\/p>\n<p>Marca:<br \/>\n<strong>Portwest<\/strong><\/p>\n","protected":false},"featured_media":110400,"template":"","meta":{"_acf_changed":false,"_et_pb_use_builder":"","_et_pb_old_content":"","_et_gb_content_width":""},"product_brand":[],"product_cat":[520,550,106,107,108,16,105],"product_tag":[551,355,5873,5709],"class_list":{"0":"post-110389","1":"product","2":"type-product","3":"status-publish","4":"has-post-thumbnail","6":"product_cat-alta-visibilidade","7":"product_cat-calcas-alta-visibilidade","8":"product_cat-calcas-calcoes","9":"product_cat-calcas-e-calcoes","10":"product_cat-calcas-multibolsos","11":"product_cat-servicos","12":"product_cat-workwear","13":"product_tag-calca-alta-visibilidade","14":"product_tag-calcas-de-trabalho","15":"product_tag-portwest","16":"product_tag-workwear","18":"first","19":"instock","20":"shipping-taxable","21":"purchasable","22":"product-type-variable","23":"has-default-attributes"},"acf":[],"_links":{"self":[{"href":"https:\/\/condiprestige.com\/en\/wp-json\/wp\/v2\/product\/110389","targetHints":{"allow":["GET"]}}],"collection":[{"href":"https:\/\/condiprestige.com\/en\/wp-json\/wp\/v2\/product"}],"about":[{"href":"https:\/\/condiprestige.com\/en\/wp-json\/wp\/v2\/types\/product"}],"wp:featuredmedia":[{"embeddable":true,"href":"https:\/\/condiprestige.com\/en\/wp-json\/wp\/v2\/media\/110400"}],"wp:attachment":[{"href":"https:\/\/condiprestige.com\/en\/wp-json\/wp\/v2\/media?parent=110389"}],"wp:term":[{"taxonomy":"product_brand","embeddable":true,"href":"https:\/\/condiprestige.com\/en\/wp-json\/wp\/v2\/product_brand?post=110389"},{"taxonomy":"product_cat","embeddable":true,"href":"https:\/\/condiprestige.com\/en\/wp-json\/wp\/v2\/product_cat?post=110389"},{"taxonomy":"product_tag","embeddable":true,"href":"https:\/\/condiprestige.com\/en\/wp-json\/wp\/v2\/product_tag?post=110389"}],"curies":[{"name":"wp","href":"https:\/\/api.w.org\/{rel}","templated":true}]}}