{"id":110421,"date":"2026-04-14T10:16:25","date_gmt":"2026-04-14T10:16:25","guid":{"rendered":"https:\/\/condiprestige.com\/?post_type=product&#038;p=110421"},"modified":"2026-04-14T10:16:25","modified_gmt":"2026-04-14T10:16:25","slug":"fato-macaco-biztex-microporoso-pack-50","status":"publish","type":"product","link":"https:\/\/condiprestige.com\/en\/produto\/fato-macaco-biztex-microporoso-pack-50\/","title":{"rendered":"Fato Macaco BizTex\u00ae Microporoso (Pack 50)"},"content":{"rendered":"<p><strong>Fato Macaco BizTex\u00ae Microporoso (Pack 50)<\/strong><\/p>\n<p>O design espa\u00e7oso garante um bom ajuste e n\u00e3o limita o desempenho no trabalho. Composto por milh\u00f5es de fibras de polietileno entrela\u00e7adas, forma uma excelente barreira robusta e resistente em todas as direc\u00e7\u00f5es. Capuz, tornozelos, cintura e punhos el\u00e1sticos, juntamente com um fecho central de correr de duas vias e pala frontal selada.<\/p>\n","protected":false},"excerpt":{"rendered":"<p>\u2713 Pack 50 unidades<br \/>\n\u2713 Pre\u00e7o unit\u00e1rio: 3.67\u20ac<br \/>\n\u2713 Certifica\u00e7\u00e3o CE-CAT III<br \/>\n\u2713 Descart\u00e1vel<br \/>\n\u2713 Material microporoso, prote\u00e7\u00e3o contra l\u00edquidos e part\u00edculas<br \/>\n\u2713 Baixo desprendimento de part\u00edculas, antiest\u00e1tico<br \/>\n\u2713 Fecho frontal dupla via com pala sel\u00e1vel<br \/>\n\u2713 Capuz ergon\u00f4mico, punhos, tornozelos e cintura el\u00e1sticos<br \/>\n\u2713 Saco de retalho para apresenta\u00e7\u00e3o<\/p>\n<p><strong>Composi\u00e7\u00e3o:<\/strong><br \/>\nTecido Exterior: BizTex Micro<br \/>\n60g<\/p>\n<p>Marca:<br \/>\n<strong>Portwest<\/strong><\/p>\n","protected":false},"featured_media":110428,"template":"","meta":{"_acf_changed":false,"_et_pb_use_builder":"","_et_pb_old_content":"","_et_gb_content_width":""},"product_brand":[],"product_cat":[38,37,97],"product_tag":[43,44,403,5875],"class_list":{"0":"post-110421","1":"product","2":"type-product","3":"status-publish","4":"has-post-thumbnail","6":"product_cat-descartaveis","7":"product_cat-equipamento-de-protecao-individual","8":"product_cat-fatos-kits","9":"product_tag-descartaveis","10":"product_tag-epis","11":"product_tag-fato-macaco","12":"product_tag-portwes","14":"first","15":"instock","16":"shipping-taxable","17":"purchasable","18":"product-type-variable"},"acf":[],"_links":{"self":[{"href":"https:\/\/condiprestige.com\/en\/wp-json\/wp\/v2\/product\/110421","targetHints":{"allow":["GET"]}}],"collection":[{"href":"https:\/\/condiprestige.com\/en\/wp-json\/wp\/v2\/product"}],"about":[{"href":"https:\/\/condiprestige.com\/en\/wp-json\/wp\/v2\/types\/product"}],"wp:featuredmedia":[{"embeddable":true,"href":"https:\/\/condiprestige.com\/en\/wp-json\/wp\/v2\/media\/110428"}],"wp:attachment":[{"href":"https:\/\/condiprestige.com\/en\/wp-json\/wp\/v2\/media?parent=110421"}],"wp:term":[{"taxonomy":"product_brand","embeddable":true,"href":"https:\/\/condiprestige.com\/en\/wp-json\/wp\/v2\/product_brand?post=110421"},{"taxonomy":"product_cat","embeddable":true,"href":"https:\/\/condiprestige.com\/en\/wp-json\/wp\/v2\/product_cat?post=110421"},{"taxonomy":"product_tag","embeddable":true,"href":"https:\/\/condiprestige.com\/en\/wp-json\/wp\/v2\/product_tag?post=110421"}],"curies":[{"name":"wp","href":"https:\/\/api.w.org\/{rel}","templated":true}]}}