{"id":5703,"date":"2021-09-03T10:57:41","date_gmt":"2021-09-03T10:57:41","guid":{"rendered":"https:\/\/condi.spotdigitalmarketing.pt\/?post_type=product&#038;p=5703"},"modified":"2025-07-10T10:03:47","modified_gmt":"2025-07-10T10:03:47","slug":"bermudas-200-grs","status":"publish","type":"product","link":"https:\/\/condiprestige.com\/en\/produto\/bermudas-200-grs\/","title":{"rendered":"Bermudas de Trabalho Armour 200 grs"},"content":{"rendered":"<p><strong>Bermudas de Trabalho Armour 200 grs<\/strong><\/p>\n<p>As Bermudas de Trabalho de 200 g\/m\u00b2 s\u00e3o ideais para quem busca conforto e funcionalidade. Com cintura ajust\u00e1vel por el\u00e1stico nas partes laterais, garantem um ajuste personalizado. Possuem dois bolsos frontais e dois bolsos laterais com carcela, fecho em velcro e fole central para armazenamento seguro. Al\u00e9m disso, contam com dois bolsos traseiros com ilh\u00f3s e bot\u00e3o. Confeccionadas em sarja de 80% poli\u00e9ster e 20% algod\u00e3o, s\u00e3o robustas e pr\u00e1ticas, perfeitas para o ambiente de trabalho..<\/p>\n","protected":false},"excerpt":{"rendered":"<p><strong>Bermudas de Trabalho 200 grs<\/strong><\/p>\n<p>\u2713\u00a0El\u00e1stico ajust\u00e1vel nas partes laterais.<br \/>\n\u2713\u00a0Dois bolsos frontais.<br \/>\n\u2713\u00a0Dois bolsos laterais com carcela, fecho velcro e fole central.<br \/>\n\u2713\u00a0Dois bolsos traseiros com ilh\u00f3s com bot\u00e3o.<\/p>\n<p>Composi\u00e7\u00e3o:<\/p>\n<ul>\n<li>Sarja de 200 g\/m\u00b2<\/li>\n<li>80% poli\u00e9ster<\/li>\n<li>20% algod\u00e3o<\/li>\n<\/ul>\n","protected":false},"featured_media":5708,"template":"","meta":{"_acf_changed":false,"_et_pb_use_builder":"","_et_pb_old_content":"","_et_gb_content_width":""},"product_brand":[],"product_cat":[107,16],"product_tag":[361,362],"class_list":{"0":"post-5703","1":"product","2":"type-product","3":"status-publish","4":"has-post-thumbnail","6":"product_cat-calcas-e-calcoes","7":"product_cat-servicos","8":"product_tag-bermudas","9":"product_tag-calcoes","11":"first","12":"instock","13":"shipping-taxable","14":"purchasable","15":"product-type-variable","16":"has-default-attributes"},"acf":[],"_links":{"self":[{"href":"https:\/\/condiprestige.com\/en\/wp-json\/wp\/v2\/product\/5703","targetHints":{"allow":["GET"]}}],"collection":[{"href":"https:\/\/condiprestige.com\/en\/wp-json\/wp\/v2\/product"}],"about":[{"href":"https:\/\/condiprestige.com\/en\/wp-json\/wp\/v2\/types\/product"}],"wp:featuredmedia":[{"embeddable":true,"href":"https:\/\/condiprestige.com\/en\/wp-json\/wp\/v2\/media\/5708"}],"wp:attachment":[{"href":"https:\/\/condiprestige.com\/en\/wp-json\/wp\/v2\/media?parent=5703"}],"wp:term":[{"taxonomy":"product_brand","embeddable":true,"href":"https:\/\/condiprestige.com\/en\/wp-json\/wp\/v2\/product_brand?post=5703"},{"taxonomy":"product_cat","embeddable":true,"href":"https:\/\/condiprestige.com\/en\/wp-json\/wp\/v2\/product_cat?post=5703"},{"taxonomy":"product_tag","embeddable":true,"href":"https:\/\/condiprestige.com\/en\/wp-json\/wp\/v2\/product_tag?post=5703"}],"curies":[{"name":"wp","href":"https:\/\/api.w.org\/{rel}","templated":true}]}}